{"id":87,"date":"2024-01-21T18:49:07","date_gmt":"2024-01-21T18:49:07","guid":{"rendered":"https:\/\/nullsbrawlios.com\/?page_id=87"},"modified":"2024-04-10T20:20:30","modified_gmt":"2024-04-10T20:20:30","slug":"terms-and-conditions","status":"publish","type":"page","link":"https:\/\/nullsbrawlios.com\/de\/geschaftsbedingungen\/","title":{"rendered":"Gesch\u00e4ftsbedingungen"},"content":{"rendered":"<p>Willkommen bei NullsBrawliOS.com. Diese Allgemeinen Gesch\u00e4ftsbedingungen legen die Regeln und Vorschriften f\u00fcr die Nutzung der Website von NullsBrawliOS.com fest, die sich unter folgender Adresse befindet: <a href=\"https:\/\/nullsbrawlios.com\/\">https:\/\/nullsbrawlios.com<\/a>.<\/p>\n\n\n\n<p>Durch den Zugriff auf diese Website gehen wir davon aus, dass Sie diese Bedingungen akzeptieren. Verwenden Sie NullsBrawliOS.com nicht weiter, wenn Sie nicht mit allen auf dieser Seite aufgef\u00fchrten Bedingungen einverstanden sind.<\/p>\n\n\n\n<p><strong>1. Lizenz<\/strong> Sofern nicht anders angegeben, besitzen NullsBrawliOS.com und\/oder seine Lizenzgeber die geistigen Eigentumsrechte f\u00fcr alle Materialien auf NullsBrawliOS.com. Alle geistigen Eigentumsrechte sind vorbehalten. Sie k\u00f6nnen von NullsBrawliOS.com aus f\u00fcr Ihren pers\u00f6nlichen Gebrauch darauf zugreifen, vorbehaltlich der in diesen Gesch\u00e4ftsbedingungen festgelegten Einschr\u00e4nkungen.<\/p>\n\n\n\n<p><strong>2. Pflichten des Nutzers<\/strong><\/p>\n\n\n\n<ul class=\"wp-block-list\">\n<li>Du darfst nicht:\n<ul class=\"wp-block-list\">\n<li>Material von NullsBrawliOS.com erneut ver\u00f6ffentlichen<\/li>\n\n\n\n<li>Material von NullsBrawliOS.com verkaufen, vermieten oder unterlizenzieren<\/li>\n\n\n\n<li>Material von NullsBrawliOS.com reproduzieren, duplizieren oder kopieren<\/li>\n\n\n\n<li>Inhalte von NullsBrawliOS.com weiterverteilen<\/li>\n<\/ul>\n<\/li>\n\n\n\n<li>Diese Vereinbarung tritt mit dem heutigen Datum in Kraft.<\/li>\n<\/ul>\n\n\n\n<p><strong>3. Teile dieser Website bieten den Benutzern die M\u00f6glichkeit, Meinungen und Informationen zu ver\u00f6ffentlichen und auszutauschen<\/strong> NullsBrawliOS.com filtert, bearbeitet, ver\u00f6ffentlicht oder \u00fcberpr\u00fcft Kommentare nicht, bevor sie auf der Website erscheinen. Kommentare spiegeln nicht die Ansichten und Meinungen von NullsBrawliOS.com, seinen Vertretern und\/oder verbundenen Unternehmen wider. Kommentare spiegeln die Ansichten und Meinungen der Person wider, die ihre Ansichten und Meinungen ver\u00f6ffentlicht. Soweit nach geltendem Recht zul\u00e4ssig, haftet NullsBrawliOS.com nicht f\u00fcr die Kommentare oder f\u00fcr jegliche Haftung, Sch\u00e4den oder Kosten, die durch die Verwendung und\/oder Ver\u00f6ffentlichung und\/oder das Erscheinen der Kommentare auf dieser Website verursacht und\/oder erlitten werden.<\/p>\n\n\n\n<p><strong>4. Hyperlinks zu unseren Inhalten<\/strong> Die folgenden Organisationen d\u00fcrfen ohne vorherige schriftliche Genehmigung auf unsere Website verlinken:<\/p>\n\n\n\n<ul class=\"wp-block-list\">\n<li>Regierungsbeh\u00f6rden;<\/li>\n\n\n\n<li>Suchmaschinen;<\/li>\n\n\n\n<li>Nachrichtenorganisationen;<\/li>\n\n\n\n<li>Online-Verzeichnisverteiler k\u00f6nnen auf unsere Website auf dieselbe Weise verlinken, wie sie Hyperlinks zu den Websites anderer in diesem Verzeichnis aufgef\u00fchrter Unternehmen erstellen.<\/li>\n\n\n\n<li>Systemweit akkreditierte Unternehmen, mit Ausnahme werbender Non-Profit-Organisationen, Charity-Einkaufszentren und Wohlt\u00e4tigkeits-Spendengruppen, die keine Hyperlinks zu unserer Website erstellen d\u00fcrfen.<\/li>\n<\/ul>\n\n\n\n<p><strong>5. iFrames<\/strong> Ohne vorherige Genehmigung und schriftliche Erlaubnis d\u00fcrfen Sie keine Frames um unsere Webseiten erstellen, die die visuelle Darstellung oder das Erscheinungsbild unserer Website in irgendeiner Weise ver\u00e4ndern.<\/p>\n\n\n\n<p><strong>6. Ihre Privatsph\u00e4re<\/strong> Bitte lesen Sie unsere Datenschutzrichtlinie.<\/p>\n\n\n\n<p><strong>7. Vorbehalt von Rechten<\/strong> Wir behalten uns das Recht vor, Sie aufzufordern, alle Links oder einen bestimmten Link zu unserer Website zu entfernen. Sie erkl\u00e4ren sich damit einverstanden, auf Anfrage alle Links zu unserer Website unverz\u00fcglich zu entfernen.<\/p>\n\n\n\n<p><strong>8. Haftungsausschluss<\/strong> Soweit nach geltendem Recht zul\u00e4ssig, schlie\u00dfen wir alle Zusicherungen, Gew\u00e4hrleistungen und Bedingungen in Bezug auf unsere Website und die Nutzung dieser Website aus. Nichts in diesem Haftungsausschluss wird:<\/p>\n\n\n\n<ul class=\"wp-block-list\">\n<li>unsere oder Ihre Haftung f\u00fcr Tod oder Personensch\u00e4den begrenzen oder ausschlie\u00dfen;<\/li>\n\n\n\n<li>unsere bzw. Ihre Haftung f\u00fcr Betrug oder arglistige Falschdarstellung begrenzen oder ausschlie\u00dfen;<\/li>\n\n\n\n<li>unsere oder Ihre Haftung in einer Weise zu beschr\u00e4nken, die nach geltendem Recht nicht zul\u00e4ssig ist; oder<\/li>\n\n\n\n<li>jegliche unserer oder Ihrer Haftungen auszuschlie\u00dfen, die nach geltendem Recht nicht ausgeschlossen werden k\u00f6nnen.<\/li>\n<\/ul>\n\n\n\n<p>Die in diesem Abschnitt und an anderer Stelle in diesem Haftungsausschluss festgelegten Haftungsbeschr\u00e4nkungen und -verbote: (a) unterliegen dem vorstehenden Absatz; und (b) regeln alle Haftungen, die sich aus dem Haftungsausschluss ergeben, einschlie\u00dflich der Haftungen aus Vertr\u00e4gen, unerlaubter Handlung und der Verletzung gesetzlicher Pflichten.<\/p>","protected":false},"excerpt":{"rendered":"<p>Willkommen bei NullsBrawliOS.com. Diese Gesch\u00e4ftsbedingungen legen die Regeln und Vorschriften f\u00fcr die Nutzung der Website von NullsBrawliOS.com fest, die sich unter [\u2026] befindet.<\/p>","protected":false},"author":1,"featured_media":0,"parent":0,"menu_order":0,"comment_status":"closed","ping_status":"closed","template":"","meta":{"site-sidebar-layout":"default","site-content-layout":"","ast-site-content-layout":"","site-content-style":"default","site-sidebar-style":"default","ast-global-header-display":"","ast-banner-title-visibility":"","ast-main-header-display":"","ast-hfb-above-header-display":"","ast-hfb-below-header-display":"","ast-hfb-mobile-header-display":"","site-post-title":"","ast-breadcrumbs-content":"","ast-featured-img":"","footer-sml-layout":"","theme-transparent-header-meta":"","adv-header-id-meta":"","stick-header-meta":"","header-above-stick-meta":"","header-main-stick-meta":"","header-below-stick-meta":"","astra-migrate-meta-layouts":"default","ast-page-background-enabled":"default","ast-page-background-meta":{"desktop":{"background-color":"var(--ast-global-color-4)","background-image":"","background-repeat":"repeat","background-position":"center center","background-size":"auto","background-attachment":"scroll","background-type":"","background-media":"","overlay-type":"","overlay-color":"","overlay-gradient":""},"tablet":{"background-color":"","background-image":"","background-repeat":"repeat","background-position":"center center","background-size":"auto","background-attachment":"scroll","background-type":"","background-media":"","overlay-type":"","overlay-color":"","overlay-gradient":""},"mobile":{"background-color":"","background-image":"","background-repeat":"repeat","background-position":"center center","background-size":"auto","background-attachment":"scroll","background-type":"","background-media":"","overlay-type":"","overlay-color":"","overlay-gradient":""}},"ast-content-background-meta":{"desktop":{"background-color":"var(--ast-global-color-5)","background-image":"","background-repeat":"repeat","background-position":"center center","background-size":"auto","background-attachment":"scroll","background-type":"","background-media":"","overlay-type":"","overlay-color":"","overlay-gradient":""},"tablet":{"background-color":"var(--ast-global-color-5)","background-image":"","background-repeat":"repeat","background-position":"center center","background-size":"auto","background-attachment":"scroll","background-type":"","background-media":"","overlay-type":"","overlay-color":"","overlay-gradient":""},"mobile":{"background-color":"var(--ast-global-color-5)","background-image":"","background-repeat":"repeat","background-position":"center center","background-size":"auto","background-attachment":"scroll","background-type":"","background-media":"","overlay-type":"","overlay-color":"","overlay-gradient":""}},"footnotes":""},"class_list":["post-87","page","type-page","status-publish","hentry"],"_links":{"self":[{"href":"https:\/\/nullsbrawlios.com\/de\/wp-json\/wp\/v2\/pages\/87","targetHints":{"allow":["GET"]}}],"collection":[{"href":"https:\/\/nullsbrawlios.com\/de\/wp-json\/wp\/v2\/pages"}],"about":[{"href":"https:\/\/nullsbrawlios.com\/de\/wp-json\/wp\/v2\/types\/page"}],"author":[{"embeddable":true,"href":"https:\/\/nullsbrawlios.com\/de\/wp-json\/wp\/v2\/users\/1"}],"replies":[{"embeddable":true,"href":"https:\/\/nullsbrawlios.com\/de\/wp-json\/wp\/v2\/comments?post=87"}],"version-history":[{"count":5,"href":"https:\/\/nullsbrawlios.com\/de\/wp-json\/wp\/v2\/pages\/87\/revisions"}],"predecessor-version":[{"id":301,"href":"https:\/\/nullsbrawlios.com\/de\/wp-json\/wp\/v2\/pages\/87\/revisions\/301"}],"wp:attachment":[{"href":"https:\/\/nullsbrawlios.com\/de\/wp-json\/wp\/v2\/media?parent=87"}],"curies":[{"name":"wp","href":"https:\/\/api.w.org\/{rel}","templated":true}]}}