{"id":83,"date":"2024-01-21T18:47:32","date_gmt":"2024-01-21T18:47:32","guid":{"rendered":"https:\/\/nullsbrawlios.com\/?page_id=83"},"modified":"2024-04-10T19:04:46","modified_gmt":"2024-04-10T19:04:46","slug":"privacy-policy","status":"publish","type":"page","link":"https:\/\/nullsbrawlios.com\/fr\/politique-de-confidentialite\/","title":{"rendered":"politique de confidentialit\u00e9"},"content":{"rendered":"<p>Bienvenue sur NullsBrawliOS.com. Nous respectons votre vie priv\u00e9e et nous engageons \u00e0 prot\u00e9ger vos donn\u00e9es personnelles. Cette politique de confidentialit\u00e9 vous informera de la mani\u00e8re dont nous traitons vos donn\u00e9es personnelles lorsque vous visitez notre site Web (quel que soit l&#039;endroit d&#039;o\u00f9 vous le visitez) et vous informera de vos droits \u00e0 la vie priv\u00e9e et de la mani\u00e8re dont la loi vous prot\u00e8ge.<\/p>\n\n\n\n<p><strong>1. Informations importantes et qui nous sommes<\/strong><\/p>\n\n\n\n<ul class=\"wp-block-list\">\n<li><strong>Objectif de cette politique de confidentialit\u00e9<\/strong> Cette politique de confidentialit\u00e9 vise \u00e0 vous donner des informations sur la mani\u00e8re dont NullsBrawliOS.com collecte et traite vos donn\u00e9es personnelles via votre utilisation de ce site Web, y compris toutes les donn\u00e9es que vous pouvez fournir via ce site lorsque vous vous inscrivez \u00e0 une newsletter, achetez un produit ou un service, ou participer \u00e0 un concours.<\/li>\n\n\n\n<li><strong>Manette<\/strong> NullsBrawliOS.com est le contr\u00f4leur et responsable de vos donn\u00e9es personnelles (collectivement d\u00e9nomm\u00e9es \u00ab NullsBrawliOS.com \u00bb, \u00ab nous \u00bb, \u00ab notre \u00bb ou \u00ab notre \u00bb dans cette politique de confidentialit\u00e9).<\/li>\n<\/ul>\n\n\n\n<p><strong>2. Les donn\u00e9es que nous collectons \u00e0 votre sujet<\/strong> Les donn\u00e9es personnelles, ou informations personnelles, d\u00e9signent toute information sur un individu \u00e0 partir de laquelle cette personne peut \u00eatre identifi\u00e9e. Cela n&#039;inclut pas les donn\u00e9es dont l&#039;identit\u00e9 a \u00e9t\u00e9 supprim\u00e9e (donn\u00e9es anonymes).<\/p>\n\n\n\n<p>Nous pouvons collecter, utiliser, stocker et transf\u00e9rer diff\u00e9rents types de donn\u00e9es personnelles vous concernant que nous avons regroup\u00e9es comme suit\u00a0:<\/p>\n\n\n\n<ul class=\"wp-block-list\">\n<li>Les donn\u00e9es d&#039;identit\u00e9 incluent le pr\u00e9nom, le nom, le nom d&#039;utilisateur ou un identifiant similaire.<\/li>\n\n\n\n<li>Les donn\u00e9es de contact comprennent l\u2019adresse e-mail et les num\u00e9ros de t\u00e9l\u00e9phone.<\/li>\n\n\n\n<li>Les donn\u00e9es techniques incluent l&#039;adresse de protocole Internet (IP), vos donn\u00e9es de connexion, le type et la version du navigateur, le param\u00e8tre et l&#039;emplacement du fuseau horaire, les types et versions de plug-in du navigateur, le syst\u00e8me d&#039;exploitation et la plate-forme, ainsi que d&#039;autres technologies sur les appareils que vous utilisez pour acc\u00e9der \u00e0 ce site Web. .<\/li>\n<\/ul>\n\n\n\n<p><strong>3. Comment vos donn\u00e9es personnelles sont-elles collect\u00e9es ?<\/strong> Nous utilisons diff\u00e9rentes m\u00e9thodes pour collecter des donn\u00e9es vous concernant, notamment par\u00a0:<\/p>\n\n\n\n<ul class=\"wp-block-list\">\n<li>Interactions directes. Vous pouvez nous communiquer votre identit\u00e9, vos coordonn\u00e9es et vos donn\u00e9es financi\u00e8res en remplissant des formulaires ou en correspondant avec nous par courrier, t\u00e9l\u00e9phone, e-mail ou autre.<\/li>\n\n\n\n<li>Technologies ou interactions automatis\u00e9es. Lorsque vous interagissez avec notre site Web, nous pouvons collecter automatiquement des donn\u00e9es techniques sur votre \u00e9quipement, vos actions de navigation et vos habitudes.<\/li>\n<\/ul>\n\n\n\n<p><strong>4. Comment nous utilisons vos donn\u00e9es personnelles<\/strong> Nous n&#039;utiliserons vos donn\u00e9es personnelles que lorsque la loi nous le permet. Le plus souvent, nous utiliserons vos donn\u00e9es personnelles dans les circonstances suivantes\u00a0:<\/p>\n\n\n\n<ul class=\"wp-block-list\">\n<li>Lorsque nous devons ex\u00e9cuter le contrat que nous sommes sur le point de conclure ou avons conclu avec vous.<\/li>\n\n\n\n<li>Lorsque cela est n\u00e9cessaire pour nos int\u00e9r\u00eats l\u00e9gitimes (ou ceux d\u2019un tiers) et que vos int\u00e9r\u00eats et droits fondamentaux ne pr\u00e9valent pas sur ces int\u00e9r\u00eats.<\/li>\n\n\n\n<li>O\u00f9 nous devons nous conformer \u00e0 une obligation l\u00e9gale.<\/li>\n<\/ul>\n\n\n\n<p><strong>5. S\u00e9curit\u00e9 des donn\u00e9es<\/strong> Nous avons mis en place des mesures de s\u00e9curit\u00e9 appropri\u00e9es pour emp\u00eacher que vos donn\u00e9es personnelles ne soient accidentellement perdues, utilis\u00e9es ou consult\u00e9es de mani\u00e8re non autoris\u00e9e, modifi\u00e9es ou divulgu\u00e9es.<\/p>\n\n\n\n<p><strong>6. Vos droits l\u00e9gaux<\/strong> Dans certaines circonstances, vous disposez de droits en vertu des lois sur la protection des donn\u00e9es concernant vos donn\u00e9es personnelles. Ceux-ci incluent le droit de demander l&#039;acc\u00e8s, la rectification, l&#039;effacement, la restriction, le transfert, de s&#039;opposer au traitement, \u00e0 la portabilit\u00e9 des donn\u00e9es et (lorsque le motif l\u00e9gitime du traitement est le consentement) de retirer le consentement.<\/p>\n\n\n\n<p><strong>7. Contactez-nous<\/strong> Si vous avez des questions concernant cette politique de confidentialit\u00e9 ou nos pratiques de confidentialit\u00e9, veuillez nous contacter des mani\u00e8res suivantes\u00a0:<\/p>","protected":false},"excerpt":{"rendered":"<p>Bienvenue sur NullsBrawliOS.com. Nous respectons votre vie priv\u00e9e et nous engageons \u00e0 prot\u00e9ger vos donn\u00e9es personnelles. Cette politique de confidentialit\u00e9 informera [\u2026]<\/p>","protected":false},"author":1,"featured_media":0,"parent":0,"menu_order":0,"comment_status":"closed","ping_status":"closed","template":"","meta":{"site-sidebar-layout":"default","site-content-layout":"","ast-site-content-layout":"","site-content-style":"default","site-sidebar-style":"default","ast-global-header-display":"","ast-banner-title-visibility":"","ast-main-header-display":"","ast-hfb-above-header-display":"","ast-hfb-below-header-display":"","ast-hfb-mobile-header-display":"","site-post-title":"","ast-breadcrumbs-content":"","ast-featured-img":"","footer-sml-layout":"","theme-transparent-header-meta":"","adv-header-id-meta":"","stick-header-meta":"","header-above-stick-meta":"","header-main-stick-meta":"","header-below-stick-meta":"","astra-migrate-meta-layouts":"default","ast-page-background-enabled":"default","ast-page-background-meta":{"desktop":{"background-color":"var(--ast-global-color-4)","background-image":"","background-repeat":"repeat","background-position":"center center","background-size":"auto","background-attachment":"scroll","background-type":"","background-media":"","overlay-type":"","overlay-color":"","overlay-gradient":""},"tablet":{"background-color":"","background-image":"","background-repeat":"repeat","background-position":"center center","background-size":"auto","background-attachment":"scroll","background-type":"","background-media":"","overlay-type":"","overlay-color":"","overlay-gradient":""},"mobile":{"background-color":"","background-image":"","background-repeat":"repeat","background-position":"center center","background-size":"auto","background-attachment":"scroll","background-type":"","background-media":"","overlay-type":"","overlay-color":"","overlay-gradient":""}},"ast-content-background-meta":{"desktop":{"background-color":"var(--ast-global-color-5)","background-image":"","background-repeat":"repeat","background-position":"center center","background-size":"auto","background-attachment":"scroll","background-type":"","background-media":"","overlay-type":"","overlay-color":"","overlay-gradient":""},"tablet":{"background-color":"var(--ast-global-color-5)","background-image":"","background-repeat":"repeat","background-position":"center center","background-size":"auto","background-attachment":"scroll","background-type":"","background-media":"","overlay-type":"","overlay-color":"","overlay-gradient":""},"mobile":{"background-color":"var(--ast-global-color-5)","background-image":"","background-repeat":"repeat","background-position":"center center","background-size":"auto","background-attachment":"scroll","background-type":"","background-media":"","overlay-type":"","overlay-color":"","overlay-gradient":""}},"footnotes":""},"class_list":["post-83","page","type-page","status-publish","hentry"],"_links":{"self":[{"href":"https:\/\/nullsbrawlios.com\/fr\/wp-json\/wp\/v2\/pages\/83","targetHints":{"allow":["GET"]}}],"collection":[{"href":"https:\/\/nullsbrawlios.com\/fr\/wp-json\/wp\/v2\/pages"}],"about":[{"href":"https:\/\/nullsbrawlios.com\/fr\/wp-json\/wp\/v2\/types\/page"}],"author":[{"embeddable":true,"href":"https:\/\/nullsbrawlios.com\/fr\/wp-json\/wp\/v2\/users\/1"}],"replies":[{"embeddable":true,"href":"https:\/\/nullsbrawlios.com\/fr\/wp-json\/wp\/v2\/comments?post=83"}],"version-history":[{"count":5,"href":"https:\/\/nullsbrawlios.com\/fr\/wp-json\/wp\/v2\/pages\/83\/revisions"}],"predecessor-version":[{"id":300,"href":"https:\/\/nullsbrawlios.com\/fr\/wp-json\/wp\/v2\/pages\/83\/revisions\/300"}],"wp:attachment":[{"href":"https:\/\/nullsbrawlios.com\/fr\/wp-json\/wp\/v2\/media?parent=83"}],"curies":[{"name":"wp","href":"https:\/\/api.w.org\/{rel}","templated":true}]}}