{"id":87,"date":"2024-01-21T18:49:07","date_gmt":"2024-01-21T18:49:07","guid":{"rendered":"https:\/\/nullsbrawlios.com\/?page_id=87"},"modified":"2024-04-10T20:20:30","modified_gmt":"2024-04-10T20:20:30","slug":"terms-and-conditions","status":"publish","type":"page","link":"https:\/\/nullsbrawlios.com\/fr\/termes-et-conditions\/","title":{"rendered":"Termes et conditions"},"content":{"rendered":"<p>Bienvenue sur NullsBrawliOS.com. Ces termes et conditions d\u00e9crivent les r\u00e8gles et r\u00e9glementations d&#039;utilisation du site Web de NullsBrawliOS.com, situ\u00e9 \u00e0 l&#039;adresse <a href=\"https:\/\/nullsbrawlios.com\/\">https:\/\/nullsbrawlios.com<\/a>.<\/p>\n\n\n\n<p>En acc\u00e9dant \u00e0 ce site Web, nous supposons que vous acceptez ces termes et conditions. Ne continuez pas \u00e0 utiliser NullsBrawliOS.com si vous n&#039;acceptez pas tous les termes et conditions \u00e9nonc\u00e9s sur cette page.<\/p>\n\n\n\n<p><strong>1. Licence<\/strong> Sauf indication contraire, NullsBrawliOS.com et\/ou ses conc\u00e9dants de licence d\u00e9tiennent les droits de propri\u00e9t\u00e9 intellectuelle sur tout le mat\u00e9riel pr\u00e9sent sur NullsBrawliOS.com. Tous les droits de propri\u00e9t\u00e9 intellectuelle sont r\u00e9serv\u00e9s. Vous pouvez y acc\u00e9der depuis NullsBrawliOS.com pour votre usage personnel, sous r\u00e9serve des restrictions d\u00e9finies dans les pr\u00e9sents termes et conditions.<\/p>\n\n\n\n<p><strong>2. Responsabilit\u00e9s de l&#039;utilisateur<\/strong><\/p>\n\n\n\n<ul class=\"wp-block-list\">\n<li>Il ne faut pas:\n<ul class=\"wp-block-list\">\n<li>Republier le mat\u00e9riel de NullsBrawliOS.com<\/li>\n\n\n\n<li>Vendre, louer ou sous-licencier du mat\u00e9riel de NullsBrawliOS.com<\/li>\n\n\n\n<li>Reproduire, dupliquer ou copier du mat\u00e9riel de NullsBrawliOS.com<\/li>\n\n\n\n<li>Redistribuer le contenu de NullsBrawliOS.com<\/li>\n<\/ul>\n<\/li>\n\n\n\n<li>Le pr\u00e9sent Accord entrera en vigueur \u00e0 la date des pr\u00e9sentes.<\/li>\n<\/ul>\n\n\n\n<p><strong>3. Certaines parties de ce site Web offrent aux utilisateurs la possibilit\u00e9 de publier et d&#039;\u00e9changer des opinions et des informations.<\/strong> NullsBrawliOS.com ne filtre, ne modifie, ne publie ni n&#039;examine les commentaires avant leur pr\u00e9sence sur le site Web. Les commentaires ne refl\u00e8tent pas les points de vue et opinions de NullsBrawliOS.com, de ses agents et\/ou soci\u00e9t\u00e9s affili\u00e9es. Les commentaires refl\u00e8tent les points de vue et les opinions de la personne qui publie ses points de vue et ses opinions. Dans la mesure permise par les lois applicables, NullsBrawliOS.com ne sera pas responsable des commentaires ou de toute responsabilit\u00e9, dommages ou d\u00e9penses caus\u00e9s et\/ou subis \u00e0 la suite de toute utilisation et\/ou publication et\/ou apparition des commentaires. sur ce site.<\/p>\n\n\n\n<p><strong>4. Liens hypertextes vers notre contenu<\/strong> Les organisations suivantes peuvent cr\u00e9er des liens vers notre site Web sans autorisation \u00e9crite pr\u00e9alable\u00a0:<\/p>\n\n\n\n<ul class=\"wp-block-list\">\n<li>Organismes gouvernementaux;<\/li>\n\n\n\n<li>Moteurs de recherche;<\/li>\n\n\n\n<li>Organismes de presse\u00a0;<\/li>\n\n\n\n<li>Les distributeurs d&#039;annuaires en ligne peuvent cr\u00e9er des liens vers notre site Web de la m\u00eame mani\u00e8re qu&#039;ils cr\u00e9ent des hyperliens vers les sites Web d&#039;autres entreprises r\u00e9pertori\u00e9es\u00a0; et<\/li>\n\n\n\n<li>Entreprises accr\u00e9dit\u00e9es \u00e0 l&#039;\u00e9chelle du syst\u00e8me, \u00e0 l&#039;exception des organisations \u00e0 but non lucratif, des centres commerciaux caritatifs et des groupes de collecte de fonds caritatifs qui ne peuvent pas cr\u00e9er de lien hypertexte vers notre site Web.<\/li>\n<\/ul>\n\n\n\n<p><strong>5. iFrames<\/strong> Sans approbation pr\u00e9alable ni autorisation \u00e9crite, vous ne pouvez pas cr\u00e9er de cadres autour de nos pages Web qui modifient de quelque mani\u00e8re que ce soit la pr\u00e9sentation visuelle ou l&#039;apparence de notre site Web.<\/p>\n\n\n\n<p><strong>6. Votre vie priv\u00e9e<\/strong> S&#039;il vous plait lisez notre politique de confidentialit\u00e9.<\/p>\n\n\n\n<p><strong>7. R\u00e9serve de droits<\/strong> Nous nous r\u00e9servons le droit de vous demander de supprimer tous les liens ou tout lien particulier vers notre site Web. Vous acceptez de supprimer imm\u00e9diatement tous les liens vers notre site Web sur demande.<\/p>\n\n\n\n<p><strong>8. Avis de non-responsabilit\u00e9<\/strong> Dans la mesure permise par la loi applicable, nous excluons toutes les repr\u00e9sentations, garanties et conditions relatives \u00e0 notre site Web et \u00e0 l&#039;utilisation de ce site Web. Rien dans cette clause de non-responsabilit\u00e9\u00a0:<\/p>\n\n\n\n<ul class=\"wp-block-list\">\n<li>limiter ou exclure notre ou votre responsabilit\u00e9 en cas de d\u00e9c\u00e8s ou de blessures corporelles\u00a0;<\/li>\n\n\n\n<li>limiter ou exclure notre ou votre responsabilit\u00e9 en cas de fraude ou de fausse d\u00e9claration frauduleuse\u00a0;<\/li>\n\n\n\n<li>limiter l&#039;une de nos ou vos responsabilit\u00e9s d&#039;une mani\u00e8re qui n&#039;est pas autoris\u00e9e par la loi applicable\u00a0; ou<\/li>\n\n\n\n<li>exclure toute de nos ou vos responsabilit\u00e9s qui ne peuvent pas \u00eatre exclues en vertu de la loi applicable.<\/li>\n<\/ul>\n\n\n\n<p>Les limitations et interdictions de responsabilit\u00e9 d\u00e9finies dans cette section et ailleurs dans la pr\u00e9sente clause de non-responsabilit\u00e9\u00a0: (a) sont soumises au paragraphe pr\u00e9c\u00e9dent\u00a0; et (b) r\u00e9gissent toutes les responsabilit\u00e9s d\u00e9coulant de la clause de non-responsabilit\u00e9, y compris les responsabilit\u00e9s d\u00e9coulant du contrat, de la responsabilit\u00e9 d\u00e9lictuelle et de la violation d&#039;une obligation l\u00e9gale.<\/p>","protected":false},"excerpt":{"rendered":"<p>Bienvenue sur NullsBrawliOS.com. Ces termes et conditions d\u00e9crivent les r\u00e8gles et r\u00e9glementations d&#039;utilisation du site Web de NullsBrawliOS.com, situ\u00e9 \u00e0 l&#039;adresse [\u2026]<\/p>","protected":false},"author":1,"featured_media":0,"parent":0,"menu_order":0,"comment_status":"closed","ping_status":"closed","template":"","meta":{"site-sidebar-layout":"default","site-content-layout":"","ast-site-content-layout":"","site-content-style":"default","site-sidebar-style":"default","ast-global-header-display":"","ast-banner-title-visibility":"","ast-main-header-display":"","ast-hfb-above-header-display":"","ast-hfb-below-header-display":"","ast-hfb-mobile-header-display":"","site-post-title":"","ast-breadcrumbs-content":"","ast-featured-img":"","footer-sml-layout":"","theme-transparent-header-meta":"","adv-header-id-meta":"","stick-header-meta":"","header-above-stick-meta":"","header-main-stick-meta":"","header-below-stick-meta":"","astra-migrate-meta-layouts":"default","ast-page-background-enabled":"default","ast-page-background-meta":{"desktop":{"background-color":"var(--ast-global-color-4)","background-image":"","background-repeat":"repeat","background-position":"center center","background-size":"auto","background-attachment":"scroll","background-type":"","background-media":"","overlay-type":"","overlay-color":"","overlay-gradient":""},"tablet":{"background-color":"","background-image":"","background-repeat":"repeat","background-position":"center center","background-size":"auto","background-attachment":"scroll","background-type":"","background-media":"","overlay-type":"","overlay-color":"","overlay-gradient":""},"mobile":{"background-color":"","background-image":"","background-repeat":"repeat","background-position":"center center","background-size":"auto","background-attachment":"scroll","background-type":"","background-media":"","overlay-type":"","overlay-color":"","overlay-gradient":""}},"ast-content-background-meta":{"desktop":{"background-color":"var(--ast-global-color-5)","background-image":"","background-repeat":"repeat","background-position":"center center","background-size":"auto","background-attachment":"scroll","background-type":"","background-media":"","overlay-type":"","overlay-color":"","overlay-gradient":""},"tablet":{"background-color":"var(--ast-global-color-5)","background-image":"","background-repeat":"repeat","background-position":"center center","background-size":"auto","background-attachment":"scroll","background-type":"","background-media":"","overlay-type":"","overlay-color":"","overlay-gradient":""},"mobile":{"background-color":"var(--ast-global-color-5)","background-image":"","background-repeat":"repeat","background-position":"center center","background-size":"auto","background-attachment":"scroll","background-type":"","background-media":"","overlay-type":"","overlay-color":"","overlay-gradient":""}},"footnotes":""},"class_list":["post-87","page","type-page","status-publish","hentry"],"_links":{"self":[{"href":"https:\/\/nullsbrawlios.com\/fr\/wp-json\/wp\/v2\/pages\/87","targetHints":{"allow":["GET"]}}],"collection":[{"href":"https:\/\/nullsbrawlios.com\/fr\/wp-json\/wp\/v2\/pages"}],"about":[{"href":"https:\/\/nullsbrawlios.com\/fr\/wp-json\/wp\/v2\/types\/page"}],"author":[{"embeddable":true,"href":"https:\/\/nullsbrawlios.com\/fr\/wp-json\/wp\/v2\/users\/1"}],"replies":[{"embeddable":true,"href":"https:\/\/nullsbrawlios.com\/fr\/wp-json\/wp\/v2\/comments?post=87"}],"version-history":[{"count":5,"href":"https:\/\/nullsbrawlios.com\/fr\/wp-json\/wp\/v2\/pages\/87\/revisions"}],"predecessor-version":[{"id":301,"href":"https:\/\/nullsbrawlios.com\/fr\/wp-json\/wp\/v2\/pages\/87\/revisions\/301"}],"wp:attachment":[{"href":"https:\/\/nullsbrawlios.com\/fr\/wp-json\/wp\/v2\/media?parent=87"}],"curies":[{"name":"wp","href":"https:\/\/api.w.org\/{rel}","templated":true}]}}