{"id":83,"date":"2024-01-21T18:47:32","date_gmt":"2024-01-21T18:47:32","guid":{"rendered":"https:\/\/nullsbrawlios.com\/?page_id=83"},"modified":"2024-04-10T19:04:46","modified_gmt":"2024-04-10T19:04:46","slug":"privacy-policy","status":"publish","type":"page","link":"https:\/\/nullsbrawlios.com\/it\/politica-sulla-riservatezza\/","title":{"rendered":"politica sulla riservatezza"},"content":{"rendered":"<p>Benvenuto su NullsBrawliOS.com. Rispettiamo la tua privacy e ci impegniamo a proteggere i tuoi dati personali. La presente informativa sulla privacy ti informer\u00e0 su come ci prendiamo cura dei tuoi dati personali quando visiti il nostro sito web (indipendentemente da dove lo visiti) e ti informer\u00e0 sui tuoi diritti sulla privacy e su come la legge ti protegge.<\/p>\n\n\n\n<p><strong>1. Informazioni importanti e chi siamo<\/strong><\/p>\n\n\n\n<ul class=\"wp-block-list\">\n<li><strong>Scopo della presente Informativa sulla privacy<\/strong> Questa informativa sulla privacy ha lo scopo di fornirti informazioni su come NullsBrawliOS.com raccoglie e tratta i tuoi dati personali attraverso l&#039;utilizzo di questo sito Web, inclusi i dati che potresti fornire tramite questo sito quando ti iscrivi a una newsletter, acquisti un prodotto o un servizio o partecipare ad un concorso.<\/li>\n\n\n\n<li><strong>Controllore<\/strong> NullsBrawliOS.com \u00e8 il titolare del trattamento ed \u00e8 responsabile dei tuoi dati personali (collettivamente denominati &quot;NullsBrawliOS.com&quot;, &quot;noi&quot;, &quot;ci&quot; o &quot;nostro&quot; nella presente informativa sulla privacy).<\/li>\n<\/ul>\n\n\n\n<p><strong>2. I dati che raccogliamo su di te<\/strong> Per dati personali, o informazioni personali, si intendono tutte le informazioni su un individuo da cui tale persona pu\u00f2 essere identificata. Non include i dati di cui \u00e8 stata rimossa l&#039;identit\u00e0 (dati anonimi).<\/p>\n\n\n\n<p>Potremmo raccogliere, utilizzare, archiviare e trasferire diversi tipi di dati personali su di te che abbiamo raggruppato come segue:<\/p>\n\n\n\n<ul class=\"wp-block-list\">\n<li>I dati di identit\u00e0 includono nome, cognome, nome utente o identificatore simile.<\/li>\n\n\n\n<li>I dati di contatto includono indirizzo email e numeri di telefono.<\/li>\n\n\n\n<li>I dati tecnici includono indirizzo IP (protocollo Internet), dati di accesso, tipo e versione del browser, impostazione e posizione del fuso orario, tipi e versioni di plug-in del browser, sistema operativo e piattaforma e altra tecnologia sui dispositivi utilizzati per accedere a questo sito Web. .<\/li>\n<\/ul>\n\n\n\n<p><strong>3. Come vengono raccolti i tuoi dati personali?<\/strong> Utilizziamo diversi metodi per raccogliere dati da e su di te, anche attraverso:<\/p>\n\n\n\n<ul class=\"wp-block-list\">\n<li>Interazioni dirette. Puoi fornirci la tua identit\u00e0, contatto e dati finanziari compilando moduli o corrispondendo con noi tramite posta, telefono, e-mail o in altro modo.<\/li>\n\n\n\n<li>Tecnologie o interazioni automatizzate. Quando interagisci con il nostro sito Web, potremmo raccogliere automaticamente dati tecnici sulla tua attrezzatura, azioni di navigazione e modelli.<\/li>\n<\/ul>\n\n\n\n<p><strong>4. Come utilizziamo i tuoi dati personali<\/strong> Utilizzeremo i tuoi dati personali solo quando la legge ce lo consente. Pi\u00f9 comunemente, utilizzeremo i tuoi dati personali nelle seguenti circostanze:<\/p>\n\n\n\n<ul class=\"wp-block-list\">\n<li>Laddove dobbiamo eseguire il contratto che stiamo per stipulare o che abbiamo stipulato con te.<\/li>\n\n\n\n<li>Laddove sia necessario per i nostri interessi legittimi (o quelli di terzi) e i tuoi interessi e diritti fondamentali non prevalgono su tali interessi.<\/li>\n\n\n\n<li>Dove dobbiamo rispettare un obbligo legale.<\/li>\n<\/ul>\n\n\n\n<p><strong>5. Sicurezza dei dati<\/strong> Abbiamo messo in atto misure di sicurezza adeguate per evitare che i tuoi dati personali vengano accidentalmente persi, utilizzati o accessibili in modo non autorizzato, alterati o divulgati.<\/p>\n\n\n\n<p><strong>6. I tuoi diritti legali<\/strong> In determinate circostanze, hai diritti ai sensi delle leggi sulla protezione dei dati in relazione ai tuoi dati personali. Tra questi figurano il diritto di richiedere l&#039;accesso, la rettifica, la cancellazione, la limitazione, il trasferimento, di opporsi al trattamento, la portabilit\u00e0 dei dati e (ove la base giuridica del trattamento sia il consenso) di revocare il consenso.<\/p>\n\n\n\n<p><strong>7. Contattaci<\/strong> In caso di domande sulla presente informativa sulla privacy o sulle nostre pratiche sulla privacy, vi preghiamo di contattarci nei seguenti modi:<\/p>","protected":false},"excerpt":{"rendered":"<p>Benvenuto su NullsBrawliOS.com. Rispettiamo la tua privacy e ci impegniamo a proteggere i tuoi dati personali. La presente informativa sulla privacy informer\u00e0 [\u2026]<\/p>","protected":false},"author":1,"featured_media":0,"parent":0,"menu_order":0,"comment_status":"closed","ping_status":"closed","template":"","meta":{"site-sidebar-layout":"default","site-content-layout":"","ast-site-content-layout":"","site-content-style":"default","site-sidebar-style":"default","ast-global-header-display":"","ast-banner-title-visibility":"","ast-main-header-display":"","ast-hfb-above-header-display":"","ast-hfb-below-header-display":"","ast-hfb-mobile-header-display":"","site-post-title":"","ast-breadcrumbs-content":"","ast-featured-img":"","footer-sml-layout":"","theme-transparent-header-meta":"","adv-header-id-meta":"","stick-header-meta":"","header-above-stick-meta":"","header-main-stick-meta":"","header-below-stick-meta":"","astra-migrate-meta-layouts":"default","ast-page-background-enabled":"default","ast-page-background-meta":{"desktop":{"background-color":"var(--ast-global-color-4)","background-image":"","background-repeat":"repeat","background-position":"center center","background-size":"auto","background-attachment":"scroll","background-type":"","background-media":"","overlay-type":"","overlay-color":"","overlay-gradient":""},"tablet":{"background-color":"","background-image":"","background-repeat":"repeat","background-position":"center center","background-size":"auto","background-attachment":"scroll","background-type":"","background-media":"","overlay-type":"","overlay-color":"","overlay-gradient":""},"mobile":{"background-color":"","background-image":"","background-repeat":"repeat","background-position":"center center","background-size":"auto","background-attachment":"scroll","background-type":"","background-media":"","overlay-type":"","overlay-color":"","overlay-gradient":""}},"ast-content-background-meta":{"desktop":{"background-color":"var(--ast-global-color-5)","background-image":"","background-repeat":"repeat","background-position":"center center","background-size":"auto","background-attachment":"scroll","background-type":"","background-media":"","overlay-type":"","overlay-color":"","overlay-gradient":""},"tablet":{"background-color":"var(--ast-global-color-5)","background-image":"","background-repeat":"repeat","background-position":"center center","background-size":"auto","background-attachment":"scroll","background-type":"","background-media":"","overlay-type":"","overlay-color":"","overlay-gradient":""},"mobile":{"background-color":"var(--ast-global-color-5)","background-image":"","background-repeat":"repeat","background-position":"center center","background-size":"auto","background-attachment":"scroll","background-type":"","background-media":"","overlay-type":"","overlay-color":"","overlay-gradient":""}},"footnotes":""},"class_list":["post-83","page","type-page","status-publish","hentry"],"_links":{"self":[{"href":"https:\/\/nullsbrawlios.com\/it\/wp-json\/wp\/v2\/pages\/83","targetHints":{"allow":["GET"]}}],"collection":[{"href":"https:\/\/nullsbrawlios.com\/it\/wp-json\/wp\/v2\/pages"}],"about":[{"href":"https:\/\/nullsbrawlios.com\/it\/wp-json\/wp\/v2\/types\/page"}],"author":[{"embeddable":true,"href":"https:\/\/nullsbrawlios.com\/it\/wp-json\/wp\/v2\/users\/1"}],"replies":[{"embeddable":true,"href":"https:\/\/nullsbrawlios.com\/it\/wp-json\/wp\/v2\/comments?post=83"}],"version-history":[{"count":5,"href":"https:\/\/nullsbrawlios.com\/it\/wp-json\/wp\/v2\/pages\/83\/revisions"}],"predecessor-version":[{"id":300,"href":"https:\/\/nullsbrawlios.com\/it\/wp-json\/wp\/v2\/pages\/83\/revisions\/300"}],"wp:attachment":[{"href":"https:\/\/nullsbrawlios.com\/it\/wp-json\/wp\/v2\/media?parent=83"}],"curies":[{"name":"wp","href":"https:\/\/api.w.org\/{rel}","templated":true}]}}